{"id":605,"date":"2022-07-20T16:18:00","date_gmt":"2022-07-20T21:18:00","guid":{"rendered":"https:\/\/maderasfirmes.com\/?page_id=605"},"modified":"2022-09-01T10:54:04","modified_gmt":"2022-09-01T15:54:04","slug":"nosotros","status":"publish","type":"page","link":"https:\/\/maderasfirmes.com\/en\/nosotros\/","title":{"rendered":"MADERAS FIRMES"},"content":{"rendered":"<p>[et_pb_section fb_built=&#8221;1&#8243; custom_padding_last_edited=&#8221;on|phone&#8221; _builder_version=&#8221;4.17.4&#8243; _module_preset=&#8221;default&#8221; max_width=&#8221;1920px&#8221; module_alignment=&#8221;center&#8221; custom_padding_tablet=&#8221;&#8221; custom_padding_phone=&#8221;30px||0px||false|false&#8221; global_colors_info=&#8221;{}&#8221;][et_pb_row column_structure=&#8221;1_2,1_2&#8243; make_equal=&#8221;on&#8221; custom_padding_last_edited=&#8221;on|phone&#8221; _builder_version=&#8221;4.17.4&#8243; _module_preset=&#8221;default&#8221; max_width=&#8221;1920px&#8221; module_alignment=&#8221;center&#8221; custom_padding_tablet=&#8221;&#8221; custom_padding_phone=&#8221;0px||||false|false&#8221; global_colors_info=&#8221;{}&#8221;][et_pb_column type=&#8221;1_2&#8243; _builder_version=&#8221;4.17.3&#8243; _module_preset=&#8221;default&#8221; global_colors_info=&#8221;{}&#8221;][et_pb_text _builder_version=&#8221;4.17.4&#8243; _module_preset=&#8221;default&#8221; header_2_font=&#8221;The Sans Bold||||||||&#8221; global_colors_info=&#8221;{}&#8221;]<\/p>\n<h2>About Us<\/h2>\n<p><span style=\"font-weight: 400;\">Maderas Firmes is a proudly Mexican timber company, our knowledge and experience allows us to  treat and process  different types of wood grown in the jungle in the south of our country. Our products have a treatment that guarantees high quality and durability in competitive conditions, bringing our offer to more cities in the region, Mexico and the world.<\/span><\/p>\n<h3>Mission<\/h3>\n<p><span style=\"font-weight: 400;\">To be responsible for the care of the environment, aware of the importance of nature as a living being, transforming with respect the natural resources of the jungles of Quintana Roo in a sustainable way, applying our own reforestation programs, governmental and international organizations.<\/span><\/p>\n<h3>Vision<\/h3>\n<p>Be responsible for caring for the environment, aware of the importance of nature as a living being, respectfully transforming the natural resources of the jungles of Quintana Roo in a sustainable way, applying reforestation programs of our own, governmental and international organizations.<\/p>\n<p>[\/et_pb_text][\/et_pb_column][et_pb_column type=&#8221;1_2&#8243; _builder_version=&#8221;4.17.3&#8243; _module_preset=&#8221;default&#8221; global_colors_info=&#8221;{}&#8221;][et_pb_image src=&#8221;https:\/\/maderasfirmes.com\/wp-content\/uploads\/2022\/06\/Maderas_firmes_01.jpg&#8221; alt=&#8221;Cortando maderas firmes&#8221; title_text=&#8221;Cortando madera&#8221; _builder_version=&#8221;4.17.4&#8243; _module_preset=&#8221;default&#8221; global_colors_info=&#8221;{}&#8221;][\/et_pb_image][\/et_pb_column][\/et_pb_row][et_pb_row column_structure=&#8221;1_2,1_2&#8243; module_class=&#8221;second-row&#8221; _builder_version=&#8221;4.17.4&#8243; _module_preset=&#8221;default&#8221; max_width=&#8221;1920px&#8221; custom_margin=&#8221;||||false|false&#8221; custom_padding=&#8221;||0px||false|false&#8221; global_colors_info=&#8221;{}&#8221;][et_pb_column type=&#8221;1_2&#8243; _builder_version=&#8221;4.17.4&#8243; _module_preset=&#8221;default&#8221; custom_padding=&#8221;||0px||false|false&#8221; global_colors_info=&#8221;{}&#8221;][et_pb_image src=&#8221;https:\/\/maderasfirmes.com\/wp-content\/uploads\/2022\/06\/Maderas_firmes_03.jpg&#8221; alt=&#8221;apoyo a la comunidad&#8221; title_text=&#8221;Maderas_firmes_03&#8243; _builder_version=&#8221;4.17.4&#8243; _module_preset=&#8221;default&#8221; custom_margin_tablet=&#8221;&#8221; custom_margin_phone=&#8221;30px||||false|false&#8221; custom_margin_last_edited=&#8221;on|phone&#8221; global_colors_info=&#8221;{}&#8221;][\/et_pb_image][\/et_pb_column][et_pb_column type=&#8221;1_2&#8243; _builder_version=&#8221;4.17.4&#8243; _module_preset=&#8221;default&#8221; custom_padding=&#8221;||0px||false|false&#8221; global_colors_info=&#8221;{}&#8221;][et_pb_text _builder_version=&#8221;4.17.4&#8243; _module_preset=&#8221;default&#8221; custom_margin=&#8221;-3px||||false|false&#8221; custom_margin_tablet=&#8221;0px||||false|false&#8221; custom_margin_phone=&#8221;0px||||false|false&#8221; custom_margin_last_edited=&#8221;on|phone&#8221; custom_padding_last_edited=&#8221;off|desktop&#8221; global_colors_info=&#8221;{}&#8221;]<\/p>\n<h2>Maderas Firmes for the benefit of the community<\/h2>\n<p>Maderas Firmes has a strong commitment to the community of Aguada la Presumida in the municipality of Jos\u00e9 Mar\u00eda Morelos in Quintana Roo. Thanks to this project we have managed to provide jobs to several people in the community.<\/p>\n<p>In conjunction with government programs and ejido support, we are working to preserve our forests; at the same time, we are turning the timber industry into an important economic source for the village.<\/p>\n<p>[\/et_pb_text][\/et_pb_column][\/et_pb_row][\/et_pb_section][et_pb_section fb_built=&#8221;1&#8243; disabled_on=&#8221;on|on|on&#8221; admin_label=&#8221;CTA&#8221; _builder_version=&#8221;4.17.4&#8243; _module_preset=&#8221;default&#8221; background_color=&#8221;#1A3E23&#8243; disabled=&#8221;on&#8221; global_colors_info=&#8221;{}&#8221;][et_pb_row column_structure=&#8221;3_5,2_5&#8243; make_equal=&#8221;on&#8221; custom_padding_last_edited=&#8221;on|phone&#8221; _builder_version=&#8221;4.17.4&#8243; _module_preset=&#8221;default&#8221; max_width=&#8221;1920px&#8221; custom_padding_tablet=&#8221;&#8221; custom_padding_phone=&#8221;0px||0px||false|false&#8221; custom_css_main_element=&#8221;display: flex;||align-items: center;&#8221; global_colors_info=&#8221;{}&#8221; custom_css_main_element_last_edited=&#8221;on|phone&#8221; custom_css_main_element_phone=&#8221;flex-direction: column;&#8221; custom_css_main_element_tablet=&#8221;display: flex;||align-items: center;&#8221;][et_pb_column type=&#8221;3_5&#8243; _builder_version=&#8221;4.17.3&#8243; _module_preset=&#8221;default&#8221; global_colors_info=&#8221;{}&#8221;][et_pb_text _builder_version=&#8221;4.17.4&#8243; _module_preset=&#8221;default&#8221; text_text_color=&#8221;#ffffff&#8221; header_2_text_color=&#8221;#FFFFFF&#8221; header_2_font_size=&#8221;38px&#8221; custom_padding=&#8221;10px||||false|false&#8221; header_2_text_align_tablet=&#8221;&#8221; header_2_text_align_phone=&#8221;center&#8221; header_2_text_align_last_edited=&#8221;on|phone&#8221; header_2_font_size_tablet=&#8221;38px&#8221; header_2_font_size_phone=&#8221;30px&#8221; header_2_font_size_last_edited=&#8221;on|phone&#8221; global_colors_info=&#8221;{}&#8221;]<\/p>\n<h2>High quality sustainable hard woods.<\/h2>\n<p>[\/et_pb_text][\/et_pb_column][et_pb_column type=&#8221;2_5&#8243; _builder_version=&#8221;4.17.3&#8243; _module_preset=&#8221;default&#8221; global_colors_info=&#8221;{}&#8221;][et_pb_button button_url=&#8221;@ET-DC@eyJkeW5hbWljIjp0cnVlLCJjb250ZW50IjoicG9zdF9saW5rX3VybF9wYWdlIiwic2V0dGluZ3MiOnsicG9zdF9pZCI6IjIzIn19@&#8221; button_text=&#8221;Cotiza Ahora&#8221; button_alignment=&#8221;center&#8221; _builder_version=&#8221;4.17.4&#8243; _dynamic_attributes=&#8221;button_url&#8221; _module_preset=&#8221;default&#8221; custom_button=&#8221;on&#8221; button_text_color=&#8221;#FFFFFF&#8221; button_bg_color=&#8221;#519437&#8243; button_border_color=&#8221;#FFFFFF&#8221; button_font=&#8221;|||on|||||&#8221; global_colors_info=&#8221;{}&#8221;][\/et_pb_button][\/et_pb_column][\/et_pb_row][\/et_pb_section][et_pb_section fb_built=&#8221;1&#8243; admin_label=&#8221;Overlay&#8221; module_class=&#8221;gallery-container&#8221; _builder_version=&#8221;4.17.4&#8243; _module_preset=&#8221;default&#8221; background_color=&#8221;rgba(26,62,35,0.9)&#8221; custom_margin=&#8221;||0px||false|false&#8221; custom_padding=&#8221;||0px||false|false&#8221; global_colors_info=&#8221;{}&#8221;][et_pb_row admin_label=&#8221;Pop Up Katalox&#8221; module_class=&#8221;popup-gallery-1&#8243; _builder_version=&#8221;4.17.4&#8243; _module_preset=&#8221;default&#8221; max_width=&#8221;1920px&#8221; module_alignment=&#8221;center&#8221; global_colors_info=&#8221;{}&#8221;][et_pb_column type=&#8221;4_4&#8243; module_class=&#8221;popup-content&#8221; _builder_version=&#8221;4.17.4&#8243; _module_preset=&#8221;default&#8221; global_colors_info=&#8221;{}&#8221;][et_pb_gallery gallery_ids=&#8221;343,344,345,256,346,347&#8243; posts_number=&#8221;6&#8243; zoom_icon_color=&#8221;#EFAE37&#8243; hover_overlay_color=&#8221;rgba(0,0,0,0.21)&#8221; hover_icon=&#8221;&#x54;||divi||400&#8243; module_class=&#8221;gallery&#8221; _builder_version=&#8221;4.17.4&#8243; _module_preset=&#8221;default&#8221; title_text_color=&#8221;#FFFFFF&#8221; global_colors_info=&#8221;{}&#8221;][\/et_pb_gallery][\/et_pb_column][\/et_pb_row][et_pb_row admin_label=&#8221;Pop Up Ciricote&#8221; module_class=&#8221;popup-gallery-2&#8243; _builder_version=&#8221;4.17.4&#8243; _module_preset=&#8221;default&#8221; max_width=&#8221;1920px&#8221; module_alignment=&#8221;center&#8221; global_colors_info=&#8221;{}&#8221;][et_pb_column type=&#8221;4_4&#8243; module_class=&#8221;popup-content&#8221; _builder_version=&#8221;4.17.4&#8243; _module_preset=&#8221;default&#8221; global_colors_info=&#8221;{}&#8221;][et_pb_gallery gallery_ids=&#8221;350,351,352,428&#8243; posts_number=&#8221;6&#8243; zoom_icon_color=&#8221;#EFAE37&#8243; hover_overlay_color=&#8221;rgba(0,0,0,0.21)&#8221; hover_icon=&#8221;&#x54;||divi||400&#8243; module_class=&#8221;gallery&#8221; _builder_version=&#8221;4.17.4&#8243; _module_preset=&#8221;default&#8221; title_text_color=&#8221;#FFFFFF&#8221; global_colors_info=&#8221;{}&#8221;][\/et_pb_gallery][\/et_pb_column][\/et_pb_row][et_pb_row admin_label=&#8221;Pop Up Machiche&#8221; module_class=&#8221;popup-gallery-3&#8243; _builder_version=&#8221;4.17.4&#8243; _module_preset=&#8221;default&#8221; max_width=&#8221;1920px&#8221; module_alignment=&#8221;center&#8221; global_colors_info=&#8221;{}&#8221;][et_pb_column type=&#8221;4_4&#8243; module_class=&#8221;popup-content&#8221; _builder_version=&#8221;4.17.4&#8243; _module_preset=&#8221;default&#8221; global_colors_info=&#8221;{}&#8221;][et_pb_gallery gallery_ids=&#8221;429,357,358,359,360,361&#8243; posts_number=&#8221;6&#8243; zoom_icon_color=&#8221;#EFAE37&#8243; hover_overlay_color=&#8221;rgba(0,0,0,0.21)&#8221; hover_icon=&#8221;&#x54;||divi||400&#8243; module_class=&#8221;gallery&#8221; _builder_version=&#8221;4.17.4&#8243; _module_preset=&#8221;default&#8221; title_text_color=&#8221;#FFFFFF&#8221; global_colors_info=&#8221;{}&#8221;][\/et_pb_gallery][\/et_pb_column][\/et_pb_row][et_pb_row admin_label=&#8221;Pop Up Tzlam&#8221; module_class=&#8221;popup-gallery-4&#8243; _builder_version=&#8221;4.17.4&#8243; _module_preset=&#8221;default&#8221; max_width=&#8221;1920px&#8221; module_alignment=&#8221;center&#8221; global_colors_info=&#8221;{}&#8221;][et_pb_column type=&#8221;4_4&#8243; module_class=&#8221;popup-content&#8221; _builder_version=&#8221;4.17.4&#8243; _module_preset=&#8221;default&#8221; global_colors_info=&#8221;{}&#8221;][et_pb_gallery gallery_ids=&#8221;430,363,364,365,366,367,587,588,589,590&#8243; posts_number=&#8221;6&#8243; zoom_icon_color=&#8221;#EFAE37&#8243; hover_overlay_color=&#8221;rgba(0,0,0,0.21)&#8221; hover_icon=&#8221;&#x54;||divi||400&#8243; module_class=&#8221;gallery&#8221; _builder_version=&#8221;4.17.4&#8243; _module_preset=&#8221;default&#8221; title_text_color=&#8221;#FFFFFF&#8221; global_colors_info=&#8221;{}&#8221;][\/et_pb_gallery][\/et_pb_column][\/et_pb_row][et_pb_row admin_label=&#8221;Pop Up Cedro Rojo&#8221; module_class=&#8221;popup-gallery-5&#8243; _builder_version=&#8221;4.17.4&#8243; _module_preset=&#8221;default&#8221; max_width=&#8221;1920px&#8221; module_alignment=&#8221;center&#8221; global_colors_info=&#8221;{}&#8221;][et_pb_column type=&#8221;4_4&#8243; module_class=&#8221;popup-content&#8221; _builder_version=&#8221;4.17.4&#8243; _module_preset=&#8221;default&#8221; global_colors_info=&#8221;{}&#8221;][et_pb_gallery gallery_ids=&#8221;431,370,371,373,374&#8243; posts_number=&#8221;6&#8243; zoom_icon_color=&#8221;#EFAE37&#8243; hover_overlay_color=&#8221;rgba(0,0,0,0.21)&#8221; hover_icon=&#8221;&#x54;||divi||400&#8243; module_class=&#8221;gallery&#8221; _builder_version=&#8221;4.17.4&#8243; _module_preset=&#8221;default&#8221; title_text_color=&#8221;#FFFFFF&#8221; global_colors_info=&#8221;{}&#8221;][\/et_pb_gallery][\/et_pb_column][\/et_pb_row][et_pb_row admin_label=&#8221;Pop Up Zapote&#8221; module_class=&#8221;popup-gallery-6&#8243; _builder_version=&#8221;4.17.4&#8243; _module_preset=&#8221;default&#8221; max_width=&#8221;1920px&#8221; module_alignment=&#8221;center&#8221; global_colors_info=&#8221;{}&#8221;][et_pb_column type=&#8221;4_4&#8243; module_class=&#8221;popup-content&#8221; _builder_version=&#8221;4.17.4&#8243; _module_preset=&#8221;default&#8221; global_colors_info=&#8221;{}&#8221;][et_pb_gallery gallery_ids=&#8221;432,381,382,383,384&#8243; posts_number=&#8221;6&#8243; zoom_icon_color=&#8221;#EFAE37&#8243; hover_overlay_color=&#8221;rgba(0,0,0,0.21)&#8221; hover_icon=&#8221;&#x54;||divi||400&#8243; module_class=&#8221;gallery&#8221; _builder_version=&#8221;4.17.4&#8243; _module_preset=&#8221;default&#8221; title_text_color=&#8221;#FFFFFF&#8221; global_colors_info=&#8221;{}&#8221;][\/et_pb_gallery][\/et_pb_column][\/et_pb_row][et_pb_row admin_label=&#8221;Pop Up Pucte&#8221; module_class=&#8221;popup-gallery-7&#8243; _builder_version=&#8221;4.17.4&#8243; _module_preset=&#8221;default&#8221; max_width=&#8221;1920px&#8221; module_alignment=&#8221;center&#8221; global_colors_info=&#8221;{}&#8221;][et_pb_column type=&#8221;4_4&#8243; module_class=&#8221;popup-content&#8221; _builder_version=&#8221;4.17.4&#8243; _module_preset=&#8221;default&#8221; global_colors_info=&#8221;{}&#8221;][et_pb_gallery gallery_ids=&#8221;259,337,338,339,340&#8243; posts_number=&#8221;6&#8243; zoom_icon_color=&#8221;#EFAE37&#8243; hover_overlay_color=&#8221;rgba(0,0,0,0.21)&#8221; hover_icon=&#8221;&#x54;||divi||400&#8243; module_class=&#8221;gallery&#8221; _builder_version=&#8221;4.17.4&#8243; _module_preset=&#8221;default&#8221; title_text_color=&#8221;#FFFFFF&#8221; global_colors_info=&#8221;{}&#8221;][\/et_pb_gallery][\/et_pb_column][\/et_pb_row][\/et_pb_section]<\/p>","protected":false},"excerpt":{"rendered":"<p>\u00bfQui\u00e9nes somos? Maderas Firmes es una empresa maderera orgullosamente mexicana con gran trayectoria y experiencia en el procesamiento de diferentes tipos de maderas tropicales provenientes del sur de nuestro pa\u00eds. Nuestros productos se destacan por sus precios competitivos, alta calidad y durabilidad, convirti\u00e9ndonos en una gran opci\u00f3n para nuestros clientes y llegando a distintas ciudades [&hellip;]<\/p>","protected":false},"author":1,"featured_media":0,"parent":0,"menu_order":0,"comment_status":"closed","ping_status":"closed","template":"","meta":{"_et_pb_use_builder":"on","_et_pb_old_content":"","_et_gb_content_width":"","footnotes":""},"_links":{"self":[{"href":"https:\/\/maderasfirmes.com\/en\/wp-json\/wp\/v2\/pages\/605"}],"collection":[{"href":"https:\/\/maderasfirmes.com\/en\/wp-json\/wp\/v2\/pages"}],"about":[{"href":"https:\/\/maderasfirmes.com\/en\/wp-json\/wp\/v2\/types\/page"}],"author":[{"embeddable":true,"href":"https:\/\/maderasfirmes.com\/en\/wp-json\/wp\/v2\/users\/1"}],"replies":[{"embeddable":true,"href":"https:\/\/maderasfirmes.com\/en\/wp-json\/wp\/v2\/comments?post=605"}],"version-history":[{"count":6,"href":"https:\/\/maderasfirmes.com\/en\/wp-json\/wp\/v2\/pages\/605\/revisions"}],"predecessor-version":[{"id":643,"href":"https:\/\/maderasfirmes.com\/en\/wp-json\/wp\/v2\/pages\/605\/revisions\/643"}],"wp:attachment":[{"href":"https:\/\/maderasfirmes.com\/en\/wp-json\/wp\/v2\/media?parent=605"}],"curies":[{"name":"wp","href":"https:\/\/api.w.org\/{rel}","templated":true}]}}